{"id":502,"date":"2015-05-20T15:34:25","date_gmt":"2015-05-20T13:34:25","guid":{"rendered":"https:\/\/www.umbellina.com\/?page_id=502"},"modified":"2026-02-10T12:35:10","modified_gmt":"2026-02-10T10:35:10","slug":"ohrringe-mit-diamanten-und-rosa-saphiren-2","status":"publish","type":"product","link":"https:\/\/www.umbellina.com\/fr\/product\/ohrringe-mit-diamanten-und-rosa-saphiren-2\/","title":{"rendered":"Boucles d&rsquo;oreille Ana\u00efs avec des diamants et des saphirs roses"},"content":{"rendered":"<p>M\u00e9daillons verres saphir : 0,9cm de diam\u00e8tre<br \/>\n3,30g<\/p>","protected":false},"excerpt":{"rendered":"<p>M\u00e9daillons verres saphir : 0,9cm de diam\u00e8tre 3,30g<\/p>\n","protected":false},"featured_media":487,"template":"","meta":[],"product_brand":[],"product_cat":[22],"product_tag":[],"class_list":{"0":"post-502","1":"product","2":"type-product","3":"status-publish","4":"has-post-thumbnail","6":"product_cat-earrings","8":"first","9":"instock","10":"taxable","11":"shipping-taxable","12":"product-type-simple"},"exclude_global_add_ons":[],"addons":[],"_links":{"self":[{"href":"https:\/\/www.umbellina.com\/fr\/wp-json\/wp\/v2\/product\/502","targetHints":{"allow":["GET"]}}],"collection":[{"href":"https:\/\/www.umbellina.com\/fr\/wp-json\/wp\/v2\/product"}],"about":[{"href":"https:\/\/www.umbellina.com\/fr\/wp-json\/wp\/v2\/types\/product"}],"wp:featuredmedia":[{"embeddable":true,"href":"https:\/\/www.umbellina.com\/fr\/wp-json\/wp\/v2\/media\/487"}],"wp:attachment":[{"href":"https:\/\/www.umbellina.com\/fr\/wp-json\/wp\/v2\/media?parent=502"}],"wp:term":[{"taxonomy":"product_brand","embeddable":true,"href":"https:\/\/www.umbellina.com\/fr\/wp-json\/wp\/v2\/product_brand?post=502"},{"taxonomy":"product_cat","embeddable":true,"href":"https:\/\/www.umbellina.com\/fr\/wp-json\/wp\/v2\/product_cat?post=502"},{"taxonomy":"product_tag","embeddable":true,"href":"https:\/\/www.umbellina.com\/fr\/wp-json\/wp\/v2\/product_tag?post=502"}],"curies":[{"name":"wp","href":"https:\/\/api.w.org\/{rel}","templated":true}]}}