{"id":500,"date":"2015-05-20T15:30:20","date_gmt":"2015-05-20T13:30:20","guid":{"rendered":"https:\/\/www.umbellina.com\/?page_id=500"},"modified":"2025-10-16T20:21:07","modified_gmt":"2025-10-16T18:21:07","slug":"armband-mit-diamanten-und-smaragden","status":"publish","type":"product","link":"https:\/\/www.umbellina.com\/fr\/product\/armband-mit-diamanten-und-smaragden\/","title":{"rendered":"Bracelet Ana\u00efs avec des diamants et des \u00e9meraudes"},"content":{"rendered":"<p>M\u00e9daillon verres saphir: 0,9cm de diam\u00e8tre<br \/>\nTaille: 5,8cm<br \/>\n11,46g<\/p>","protected":false},"excerpt":{"rendered":"<p>M\u00e9daillon verres saphir: 0,9cm de diam\u00e8tre Taille: 5,8cm 11,46g<\/p>\n","protected":false},"featured_media":492,"template":"","meta":[],"product_brand":[],"product_cat":[23],"product_tag":[],"class_list":{"0":"post-500","1":"product","2":"type-product","3":"status-publish","4":"has-post-thumbnail","6":"product_cat-bracelets","8":"first","9":"instock","10":"taxable","11":"shipping-taxable","12":"product-type-simple"},"exclude_global_add_ons":[],"addons":[],"_links":{"self":[{"href":"https:\/\/www.umbellina.com\/fr\/wp-json\/wp\/v2\/product\/500","targetHints":{"allow":["GET"]}}],"collection":[{"href":"https:\/\/www.umbellina.com\/fr\/wp-json\/wp\/v2\/product"}],"about":[{"href":"https:\/\/www.umbellina.com\/fr\/wp-json\/wp\/v2\/types\/product"}],"wp:featuredmedia":[{"embeddable":true,"href":"https:\/\/www.umbellina.com\/fr\/wp-json\/wp\/v2\/media\/492"}],"wp:attachment":[{"href":"https:\/\/www.umbellina.com\/fr\/wp-json\/wp\/v2\/media?parent=500"}],"wp:term":[{"taxonomy":"product_brand","embeddable":true,"href":"https:\/\/www.umbellina.com\/fr\/wp-json\/wp\/v2\/product_brand?post=500"},{"taxonomy":"product_cat","embeddable":true,"href":"https:\/\/www.umbellina.com\/fr\/wp-json\/wp\/v2\/product_cat?post=500"},{"taxonomy":"product_tag","embeddable":true,"href":"https:\/\/www.umbellina.com\/fr\/wp-json\/wp\/v2\/product_tag?post=500"}],"curies":[{"name":"wp","href":"https:\/\/api.w.org\/{rel}","templated":true}]}}