{"id":355,"date":"2014-11-04T12:17:16","date_gmt":"2014-11-04T10:17:16","guid":{"rendered":"https:\/\/www.umbellina.com\/?page_id=355"},"modified":"2025-10-16T19:50:03","modified_gmt":"2025-10-16T17:50:03","slug":"armband-mit-diamanten-und-blauen-saphiren","status":"publish","type":"product","link":"https:\/\/www.umbellina.com\/fr\/product\/armband-mit-diamanten-und-blauen-saphiren\/","title":{"rendered":"Bracelet Ana\u00efs avec des diamants et des saphirs bleus"},"content":{"rendered":"<p>M\u00e9daillon verres saphir: 0,9cm de diam\u00e8tre<br \/>\nTaille: 5,8cm<br \/>\n11,50g<\/p>","protected":false},"excerpt":{"rendered":"<p>M\u00e9daillon verres saphir: 0,9cm de diam\u00e8tre Taille: 5,8cm 11,50g<\/p>\n","protected":false},"featured_media":344,"template":"","meta":[],"product_brand":[],"product_cat":[23],"product_tag":[],"class_list":{"0":"post-355","1":"product","2":"type-product","3":"status-publish","4":"has-post-thumbnail","6":"product_cat-bracelets","8":"first","9":"instock","10":"taxable","11":"shipping-taxable","12":"product-type-simple"},"exclude_global_add_ons":[],"addons":[],"_links":{"self":[{"href":"https:\/\/www.umbellina.com\/fr\/wp-json\/wp\/v2\/product\/355","targetHints":{"allow":["GET"]}}],"collection":[{"href":"https:\/\/www.umbellina.com\/fr\/wp-json\/wp\/v2\/product"}],"about":[{"href":"https:\/\/www.umbellina.com\/fr\/wp-json\/wp\/v2\/types\/product"}],"wp:featuredmedia":[{"embeddable":true,"href":"https:\/\/www.umbellina.com\/fr\/wp-json\/wp\/v2\/media\/344"}],"wp:attachment":[{"href":"https:\/\/www.umbellina.com\/fr\/wp-json\/wp\/v2\/media?parent=355"}],"wp:term":[{"taxonomy":"product_brand","embeddable":true,"href":"https:\/\/www.umbellina.com\/fr\/wp-json\/wp\/v2\/product_brand?post=355"},{"taxonomy":"product_cat","embeddable":true,"href":"https:\/\/www.umbellina.com\/fr\/wp-json\/wp\/v2\/product_cat?post=355"},{"taxonomy":"product_tag","embeddable":true,"href":"https:\/\/www.umbellina.com\/fr\/wp-json\/wp\/v2\/product_tag?post=355"}],"curies":[{"name":"wp","href":"https:\/\/api.w.org\/{rel}","templated":true}]}}