{"id":349,"date":"2014-11-04T12:13:20","date_gmt":"2014-11-04T10:13:20","guid":{"rendered":"https:\/\/www.umbellina.com\/?page_id=349"},"modified":"2025-10-20T11:35:00","modified_gmt":"2025-10-20T09:35:00","slug":"bracelets-in-different-colors","status":"publish","type":"product","link":"https:\/\/www.umbellina.com\/fr\/product\/bracelets-in-different-colors\/","title":{"rendered":"Bracelet lien de couleur"},"content":{"rendered":"<p>Plaque en or: 1,2cm de diam\u00e8tre<\/p>\n<p>Gravure laser<br \/>\nLien Mokuba en diff\u00e9rentes couleurs<\/p>\n<p>Prix par bracelet<\/p>","protected":false},"excerpt":{"rendered":"<p>Plaque en or: 1,2cm de diam\u00e8tre Gravure laser Lien Mokuba en diff\u00e9rentes couleurs Prix par bracelet<\/p>\n","protected":false},"featured_media":757,"template":"","meta":[],"product_brand":[],"product_cat":[23],"product_tag":[],"class_list":{"0":"post-349","1":"product","2":"type-product","3":"status-publish","4":"has-post-thumbnail","6":"product_cat-bracelets","8":"first","9":"instock","10":"taxable","11":"shipping-taxable","12":"purchasable","13":"product-type-simple"},"exclude_global_add_ons":false,"addons":[{"name":"[:en]Strap Color[:de]Farbe des Bandes[:fr]Couleur du lien[:]","type":"multiple_choice","position":0,"required":true,"title_format":"label","default":"","description_enable":false,"description":"","placeholder_enable":false,"placeholder":"","display":"select","restrictions_type":"any_text","adjust_price":false,"price":"","price_type":"flat_fee","restrictions":false,"min":"0","max":"0","options":[{"label":"[:en]red[:de]rot[:fr]rouge[:]","price":"","price_type":"flat_fee","image":0,"visibility":true},{"label":"[:en]dark blue[:de]dunkelblau[:fr]bleu fonc\u00e9[:]","price":"","price_type":"flat_fee","image":0,"visibility":true},{"label":"[:en]light blue[:de]hellblau[:fr]bleu clair[:]","price":"","price_type":"flat_fee","image":0,"visibility":true},{"label":"[:en]green[:de]gr\u00fcn[:fr]vert[:]","price":"","price_type":"flat_fee","image":0,"visibility":true},{"label":"[:en]turquoise[:de]t\u00fcrkis[:fr]turquoise[:]","price":"","price_type":"flat_fee","image":0,"visibility":true},{"label":"[:en]pink[:de]rosa[:fr]rose[:]","price":"","price_type":"flat_fee","image":0,"visibility":true},{"label":"[:en]beige[:de]beige[:fr]beige[:]","price":"","price_type":"flat_fee","image":0,"visibility":true},{"label":"[:en]gray[:de]grau[:fr]gris[:]","price":"","price_type":"flat_fee","image":0,"visibility":true},{"label":"[:en]orange[:de]orange[:fr]orange[:]","price":"","price_type":"flat_fee","image":0,"visibility":true}],"id":1735121596},{"name":"[:en]Laser engraving[:de]Lasergravur[:fr]Gravure laser[:]","type":"custom_text","position":1,"required":false,"title_format":"label","default":"","description_enable":true,"description":"[:en]Please contact us at info@umbellina.com if you need a special engraving[:de]Schicken uns eine Nachricht an info@umbellina.com, falls Sie eine besondere Gravur haben m\u00f6chten[:fr]Envoyez-nous un mail \u00e0 info@umbellina.com si vous voulez une gravure particuli\u00e8re[:]","placeholder_enable":false,"placeholder":"","display":"select","restrictions_type":"any_text","adjust_price":false,"price":"","price_type":"flat_fee","restrictions":true,"min":"0","max":"14","options":[],"id":1735121597},{"name":"[:en]Laser engraving on back[:de]Lasergravur auf der R\u00fcckseite[:fr]Gravure laser au dos[:]","type":"custom_text","position":2,"required":false,"title_format":"label","default":"","description_enable":false,"description":"","placeholder_enable":false,"placeholder":"","display":"select","restrictions_type":"any_text","adjust_price":true,"price":"30","price_type":"flat_fee","restrictions":true,"min":"0","max":"14","options":[],"id":1735121598}],"_links":{"self":[{"href":"https:\/\/www.umbellina.com\/fr\/wp-json\/wp\/v2\/product\/349","targetHints":{"allow":["GET"]}}],"collection":[{"href":"https:\/\/www.umbellina.com\/fr\/wp-json\/wp\/v2\/product"}],"about":[{"href":"https:\/\/www.umbellina.com\/fr\/wp-json\/wp\/v2\/types\/product"}],"wp:featuredmedia":[{"embeddable":true,"href":"https:\/\/www.umbellina.com\/fr\/wp-json\/wp\/v2\/media\/757"}],"wp:attachment":[{"href":"https:\/\/www.umbellina.com\/fr\/wp-json\/wp\/v2\/media?parent=349"}],"wp:term":[{"taxonomy":"product_brand","embeddable":true,"href":"https:\/\/www.umbellina.com\/fr\/wp-json\/wp\/v2\/product_brand?post=349"},{"taxonomy":"product_cat","embeddable":true,"href":"https:\/\/www.umbellina.com\/fr\/wp-json\/wp\/v2\/product_cat?post=349"},{"taxonomy":"product_tag","embeddable":true,"href":"https:\/\/www.umbellina.com\/fr\/wp-json\/wp\/v2\/product_tag?post=349"}],"curies":[{"name":"wp","href":"https:\/\/api.w.org\/{rel}","templated":true}]}}