{"id":1868,"date":"2020-08-12T19:00:22","date_gmt":"2020-08-12T17:00:22","guid":{"rendered":"https:\/\/www.umbellina.com\/?page_id=1868"},"modified":"2025-10-13T12:07:51","modified_gmt":"2025-10-13T10:07:51","slug":"fr-collier-celeste","status":"publish","type":"product","link":"https:\/\/www.umbellina.com\/fr\/product\/fr-collier-celeste\/","title":{"rendered":"Collier C\u00e9leste 7 \u00e9toiles"},"content":{"rendered":"<p>7 \u00e9toiles de 7mm<br \/>\nLongueur: 41cm<\/p>\n<p>Or jaune 18K<br \/>\n2,96g<\/p>","protected":false},"excerpt":{"rendered":"<p>7 \u00e9toiles de 7mm Longueur: 41cm Or jaune 18K 2,96g<\/p>\n","protected":false},"featured_media":1858,"template":"","meta":[],"product_brand":[],"product_cat":[21],"product_tag":[],"class_list":{"0":"post-1868","1":"product","2":"type-product","3":"status-publish","4":"has-post-thumbnail","6":"product_cat-necklaces","8":"first","9":"instock","10":"taxable","11":"shipping-taxable","12":"purchasable","13":"product-type-simple"},"exclude_global_add_ons":[],"addons":[],"_links":{"self":[{"href":"https:\/\/www.umbellina.com\/fr\/wp-json\/wp\/v2\/product\/1868","targetHints":{"allow":["GET"]}}],"collection":[{"href":"https:\/\/www.umbellina.com\/fr\/wp-json\/wp\/v2\/product"}],"about":[{"href":"https:\/\/www.umbellina.com\/fr\/wp-json\/wp\/v2\/types\/product"}],"wp:featuredmedia":[{"embeddable":true,"href":"https:\/\/www.umbellina.com\/fr\/wp-json\/wp\/v2\/media\/1858"}],"wp:attachment":[{"href":"https:\/\/www.umbellina.com\/fr\/wp-json\/wp\/v2\/media?parent=1868"}],"wp:term":[{"taxonomy":"product_brand","embeddable":true,"href":"https:\/\/www.umbellina.com\/fr\/wp-json\/wp\/v2\/product_brand?post=1868"},{"taxonomy":"product_cat","embeddable":true,"href":"https:\/\/www.umbellina.com\/fr\/wp-json\/wp\/v2\/product_cat?post=1868"},{"taxonomy":"product_tag","embeddable":true,"href":"https:\/\/www.umbellina.com\/fr\/wp-json\/wp\/v2\/product_tag?post=1868"}],"curies":[{"name":"wp","href":"https:\/\/api.w.org\/{rel}","templated":true}]}}