{"id":1341,"date":"2017-10-09T12:17:23","date_gmt":"2017-10-09T10:17:23","guid":{"rendered":"https:\/\/www.umbellina.com\/?page_id=1341"},"modified":"2025-10-16T19:31:28","modified_gmt":"2025-10-16T17:31:28","slug":"fr-boucles-doreilles-avec-des-diamants-et-des-rubis","status":"publish","type":"product","link":"https:\/\/www.umbellina.com\/fr\/product\/fr-boucles-doreilles-avec-des-diamants-et-des-rubis\/","title":{"rendered":"Boucles d\u2019oreille Ana\u00efs avec des diamants et des rubis"},"content":{"rendered":"<p>M\u00e9daillons verres saphir: 0,9cm de diam\u00e8tre<\/p>\n<p>3,30g<\/p>","protected":false},"excerpt":{"rendered":"<p>M\u00e9daillons verres saphir: 0,9cm de diam\u00e8tre 3,30g<\/p>\n","protected":false},"featured_media":1333,"template":"","meta":[],"product_brand":[],"product_cat":[22],"product_tag":[],"class_list":{"0":"post-1341","1":"product","2":"type-product","3":"status-publish","4":"has-post-thumbnail","6":"product_cat-earrings","8":"first","9":"instock","10":"taxable","11":"shipping-taxable","12":"product-type-simple"},"exclude_global_add_ons":[],"addons":[],"_links":{"self":[{"href":"https:\/\/www.umbellina.com\/fr\/wp-json\/wp\/v2\/product\/1341","targetHints":{"allow":["GET"]}}],"collection":[{"href":"https:\/\/www.umbellina.com\/fr\/wp-json\/wp\/v2\/product"}],"about":[{"href":"https:\/\/www.umbellina.com\/fr\/wp-json\/wp\/v2\/types\/product"}],"wp:featuredmedia":[{"embeddable":true,"href":"https:\/\/www.umbellina.com\/fr\/wp-json\/wp\/v2\/media\/1333"}],"wp:attachment":[{"href":"https:\/\/www.umbellina.com\/fr\/wp-json\/wp\/v2\/media?parent=1341"}],"wp:term":[{"taxonomy":"product_brand","embeddable":true,"href":"https:\/\/www.umbellina.com\/fr\/wp-json\/wp\/v2\/product_brand?post=1341"},{"taxonomy":"product_cat","embeddable":true,"href":"https:\/\/www.umbellina.com\/fr\/wp-json\/wp\/v2\/product_cat?post=1341"},{"taxonomy":"product_tag","embeddable":true,"href":"https:\/\/www.umbellina.com\/fr\/wp-json\/wp\/v2\/product_tag?post=1341"}],"curies":[{"name":"wp","href":"https:\/\/api.w.org\/{rel}","templated":true}]}}