{"id":100,"date":"2014-02-26T12:58:58","date_gmt":"2014-02-26T10:58:58","guid":{"rendered":"https:\/\/www.umbellina.com\/?page_id=100"},"modified":"2024-12-25T13:06:22","modified_gmt":"2024-12-25T11:06:22","slug":"earrings-with-messages","status":"publish","type":"product","link":"https:\/\/www.umbellina.com\/fr\/product\/earrings-with-messages\/","title":{"rendered":"Boucles d&rsquo;oreille grav\u00e9es"},"content":{"rendered":"<p>Plaques: 1cm de diam\u00e8tre<br \/>\nGravure laser<br \/>\n1,21g<\/p>","protected":false},"excerpt":{"rendered":"<p>Plaques: 1cm de diam\u00e8tre Gravure laser 1,21g<\/p>\n","protected":false},"featured_media":13,"template":"","meta":[],"product_brand":[],"product_cat":[22],"product_tag":[],"class_list":{"0":"post-100","1":"product","2":"type-product","3":"status-publish","4":"has-post-thumbnail","6":"product_cat-earrings","8":"first","9":"instock","10":"taxable","11":"shipping-taxable","12":"purchasable","13":"product-type-simple"},"exclude_global_add_ons":false,"addons":[{"name":"[:en]Laser engraving[:de]Lasergravur[:fr]Gravure laser[:]","type":"custom_text","position":0,"required":false,"title_format":"label","default":"","description_enable":true,"description":"[:en]Please contact us at info@umbellina.com if you need a special engraving[:de]Schicken uns eine Nachricht an info@umbellina.com, falls Sie eine besondere Gravur haben m\u00f6chten[:fr]Envoyez-nous un mail \u00e0 info@umbellina.com si vous voulez une gravure particuli\u00e8re[:]","placeholder_enable":false,"placeholder":"","display":"select","restrictions_type":"any_text","adjust_price":false,"price":"","price_type":"flat_fee","restrictions":true,"min":"0","max":"14","options":[]},{"name":"[:en]Laser engraving on back[:de]Lasergravur auf der R\u00fcckseite[:fr]Gravure laser au dos[:]","type":"custom_text","position":1,"required":false,"title_format":"label","default":"","description_enable":false,"description":"","placeholder_enable":false,"placeholder":"","display":"select","restrictions_type":"any_text","adjust_price":true,"price":"30","price_type":"flat_fee","restrictions":true,"min":"0","max":"14","options":[]}],"_links":{"self":[{"href":"https:\/\/www.umbellina.com\/fr\/wp-json\/wp\/v2\/product\/100","targetHints":{"allow":["GET"]}}],"collection":[{"href":"https:\/\/www.umbellina.com\/fr\/wp-json\/wp\/v2\/product"}],"about":[{"href":"https:\/\/www.umbellina.com\/fr\/wp-json\/wp\/v2\/types\/product"}],"wp:featuredmedia":[{"embeddable":true,"href":"https:\/\/www.umbellina.com\/fr\/wp-json\/wp\/v2\/media\/13"}],"wp:attachment":[{"href":"https:\/\/www.umbellina.com\/fr\/wp-json\/wp\/v2\/media?parent=100"}],"wp:term":[{"taxonomy":"product_brand","embeddable":true,"href":"https:\/\/www.umbellina.com\/fr\/wp-json\/wp\/v2\/product_brand?post=100"},{"taxonomy":"product_cat","embeddable":true,"href":"https:\/\/www.umbellina.com\/fr\/wp-json\/wp\/v2\/product_cat?post=100"},{"taxonomy":"product_tag","embeddable":true,"href":"https:\/\/www.umbellina.com\/fr\/wp-json\/wp\/v2\/product_tag?post=100"}],"curies":[{"name":"wp","href":"https:\/\/api.w.org\/{rel}","templated":true}]}}