{"id":36,"date":"2014-02-25T13:55:54","date_gmt":"2014-02-25T11:55:54","guid":{"rendered":"https:\/\/www.umbellina.com\/?page_id=15"},"modified":"2022-12-15T11:03:23","modified_gmt":"2022-12-15T09:03:23","slug":"purchase","status":"publish","type":"page","link":"https:\/\/www.umbellina.com\/fr\/purchase\/","title":{"rendered":"Points de vente"},"content":{"rendered":"<p><\/p>\n<h2 style=\"text-align: center;\">Acheter directement<\/h2>\n<p>Si vous d\u00e9sirez acheter un de nos bijoux, merci d\u2019envoyer un mail \u00e0 l\u2019adresse suivante : <a href=\"mailto:info@umbellina.com\">info@umbellina.com<\/a>. Tous nos bijoux \u00e9tant fabriqu\u00e9s de fa\u00e7on artisanale, le d\u00e9lai d\u2019exp\u00e9dition \u00a0est de 3 \u00e0 5 semaines. Les frais de livraison en Europe sont de 25\u20ac TTC et ils sont offerts si le montant de votre commande d\u00e9passe 750\u20ac. Ils sont de 90\u20ac pour les USA. Merci de nous contacter pour conna\u00eetre les frais d\u2019exp\u00e9dition dans d\u2019autres pays<\/p>\n<h2 style=\"text-align: center;\">Boutiques<\/h2>\n<p style=\"text-align: center;\">The Carlyle<br \/>\n35 East 76th Street<br \/>\nNew York City, NY 10021<\/p>\n<p style=\"text-align: center;\">The Biltmore<br \/>\n1200 Anastasia Avenue<br \/>\nCoral Gables\/ Miami<br \/>\n33134 Florida<\/p>\n<p style=\"text-align: center;\">Canyon Ranch<br \/>\n8600 E. Rockcliff Road<br \/>\nTucson, Arizona 85750<\/p>\n<p style=\"text-align: center;\">Ouimillie<br \/>\n133-135 Charles Street<br \/>\nBoston, Massachusetts 02114<\/p>\n<p style=\"text-align: center;\">Tess<br \/>\nBrattel Street<br \/>\nCambridge, Massachusetts 02138<\/p>\n<p style=\"text-align: center;\">The Seagate Hotel &amp; Spa<br \/>\n1000E. Atlantic Avenue<br \/>\nDelray Beach, Florida 33483<\/p>\n<p style=\"text-align: center;\">Daniela Corte<br \/>\n15 Marlborough Street<br \/>\nBoston, Massachusetts 02116<\/p>\n<h2 style=\"text-align: center;\"><\/h2>\n<p><\/p>","protected":false},"excerpt":{"rendered":"<p>Acheter directement Si vous d\u00e9sirez acheter un de nos bijoux, merci d\u2019envoyer un mail \u00e0 l\u2019adresse suivante : info@umbellina.com. Tous nos bijoux \u00e9tant fabriqu\u00e9s de fa\u00e7on artisanale, le d\u00e9lai d\u2019exp\u00e9dition \u00a0est de 3 \u00e0 5 semaines. Les frais de livraison en Europe sont de 25\u20ac TTC et ils sont offerts si le montant de votre [&hellip;]<\/p>\n","protected":false},"author":1,"featured_media":0,"parent":0,"menu_order":26,"comment_status":"closed","ping_status":"closed","template":"","meta":{"footnotes":""},"class_list":["post-36","page","type-page","status-publish","hentry"],"_links":{"self":[{"href":"https:\/\/www.umbellina.com\/fr\/wp-json\/wp\/v2\/pages\/36","targetHints":{"allow":["GET"]}}],"collection":[{"href":"https:\/\/www.umbellina.com\/fr\/wp-json\/wp\/v2\/pages"}],"about":[{"href":"https:\/\/www.umbellina.com\/fr\/wp-json\/wp\/v2\/types\/page"}],"author":[{"embeddable":true,"href":"https:\/\/www.umbellina.com\/fr\/wp-json\/wp\/v2\/users\/1"}],"replies":[{"embeddable":true,"href":"https:\/\/www.umbellina.com\/fr\/wp-json\/wp\/v2\/comments?post=36"}],"version-history":[{"count":54,"href":"https:\/\/www.umbellina.com\/fr\/wp-json\/wp\/v2\/pages\/36\/revisions"}],"predecessor-version":[{"id":2519,"href":"https:\/\/www.umbellina.com\/fr\/wp-json\/wp\/v2\/pages\/36\/revisions\/2519"}],"wp:attachment":[{"href":"https:\/\/www.umbellina.com\/fr\/wp-json\/wp\/v2\/media?parent=36"}],"curies":[{"name":"wp","href":"https:\/\/api.w.org\/{rel}","templated":true}]}}