{"id":29,"date":"2014-02-25T13:53:52","date_gmt":"2014-02-25T11:53:52","guid":{"rendered":"https:\/\/www.umbellina.com\/?page_id=5"},"modified":"2022-10-16T17:52:01","modified_gmt":"2022-10-16T15:52:01","slug":"home","status":"publish","type":"page","link":"https:\/\/www.umbellina.com\/fr\/","title":{"rendered":"Home"},"content":{"rendered":"<p><\/p>\n<div class=\"container mt-100\">\n<div class=\"row\">\n<div class=\"col-6 center\"><a href=\"https:\/\/www.umbellina.com\/wp-content\/uploads\/2022\/10\/bild1.jpg\"><img loading=\"lazy\" decoding=\"async\" class=\"img-autoscale alignnone wp-image-2397 size-large\" src=\"https:\/\/www.umbellina.com\/wp-content\/uploads\/2022\/10\/bild1-1024x1024.jpg\" alt=\"\" width=\"1024\" height=\"1024\" srcset=\"https:\/\/www.umbellina.com\/wp-content\/uploads\/2022\/10\/bild1-1024x1024.jpg 1024w, https:\/\/www.umbellina.com\/wp-content\/uploads\/2022\/10\/bild1-800x800.jpg 800w, https:\/\/www.umbellina.com\/wp-content\/uploads\/2022\/10\/bild1-100x100.jpg 100w, https:\/\/www.umbellina.com\/wp-content\/uploads\/2022\/10\/bild1-416x416.jpg 416w, https:\/\/www.umbellina.com\/wp-content\/uploads\/2022\/10\/bild1-300x300.jpg 300w, https:\/\/www.umbellina.com\/wp-content\/uploads\/2022\/10\/bild1-150x150.jpg 150w, https:\/\/www.umbellina.com\/wp-content\/uploads\/2022\/10\/bild1-768x768.jpg 768w, https:\/\/www.umbellina.com\/wp-content\/uploads\/2022\/10\/bild1.jpg 1504w\" sizes=\"auto, (max-width: 1024px) 100vw, 1024px\" \/><\/a><\/div>\n<div class=\"col-6 center\"><a href=\"https:\/\/www.umbellina.com\/wp-content\/uploads\/2022\/10\/image3a.jpg\"><img loading=\"lazy\" decoding=\"async\" class=\"img-autoscale alignnone wp-image-2400 size-large\" src=\"https:\/\/www.umbellina.com\/wp-content\/uploads\/2022\/10\/image3a-1024x1024.jpg\" alt=\"\" width=\"1024\" height=\"1024\" srcset=\"https:\/\/www.umbellina.com\/wp-content\/uploads\/2022\/10\/image3a-1024x1024.jpg 1024w, https:\/\/www.umbellina.com\/wp-content\/uploads\/2022\/10\/image3a-800x800.jpg 800w, https:\/\/www.umbellina.com\/wp-content\/uploads\/2022\/10\/image3a-100x100.jpg 100w, https:\/\/www.umbellina.com\/wp-content\/uploads\/2022\/10\/image3a-416x416.jpg 416w, https:\/\/www.umbellina.com\/wp-content\/uploads\/2022\/10\/image3a-300x300.jpg 300w, https:\/\/www.umbellina.com\/wp-content\/uploads\/2022\/10\/image3a-150x150.jpg 150w, https:\/\/www.umbellina.com\/wp-content\/uploads\/2022\/10\/image3a-768x768.jpg 768w, https:\/\/www.umbellina.com\/wp-content\/uploads\/2022\/10\/image3a-1536x1536.jpg 1536w, https:\/\/www.umbellina.com\/wp-content\/uploads\/2022\/10\/image3a.jpg 1773w\" sizes=\"auto, (max-width: 1024px) 100vw, 1024px\" \/><\/a><\/div>\n<\/div>\n<div class=\"row mt-100\">\n<div class=\"col-12 center\">\n<p>Umbellina est une ligne de Haute-Joaillerie parisienne cr\u00e9\u00e9e par Catherine von Specht. Toutes les pi\u00e8ces sont fabriqu\u00e9es \u00e0 la main et avec beaucoup d&rsquo;amour dans un atelier r\u00e9put\u00e9 du Marais. Nous utilisons uniquement de l&rsquo;or 18 carats et des diamants blancs provenant de membres certifi\u00e9s du Responsible Jewellery Council.<\/p>\n<p>Le r\u00e9sultat ? Des bijoux fins et ludiques pour tous les jours. Umbellina propose \u00e9galement de transformer et ainsi de donner une deuxi\u00e8me vie aux bijoux que vous ne portez plus ou bien de cr\u00e9er des pi\u00e8ces uniques et sur mesure pour vous et vos proches.<\/p>\n<\/div>\n<\/div>\n<div class=\"row mt-100\">\n<div class=\"col-6 center\"><a href=\"https:\/\/www.umbellina.com\/wp-content\/uploads\/2022\/10\/image1-scaled.jpeg\"><img loading=\"lazy\" decoding=\"async\" class=\"img-autoscale alignnone wp-image-2358 size-large\" src=\"https:\/\/www.umbellina.com\/wp-content\/uploads\/2022\/10\/image1-scaled-e1665245895803-1024x1024.jpeg\" alt=\"\" width=\"1024\" height=\"1024\" srcset=\"https:\/\/www.umbellina.com\/wp-content\/uploads\/2022\/10\/image1-scaled-e1665245895803-1024x1024.jpeg 1024w, https:\/\/www.umbellina.com\/wp-content\/uploads\/2022\/10\/image1-scaled-e1665245895803-800x800.jpeg 800w, https:\/\/www.umbellina.com\/wp-content\/uploads\/2022\/10\/image1-scaled-e1665245895803-100x100.jpeg 100w, https:\/\/www.umbellina.com\/wp-content\/uploads\/2022\/10\/image1-scaled-e1665245895803-416x416.jpeg 416w, https:\/\/www.umbellina.com\/wp-content\/uploads\/2022\/10\/image1-scaled-e1665245895803-300x300.jpeg 300w, https:\/\/www.umbellina.com\/wp-content\/uploads\/2022\/10\/image1-scaled-e1665245895803-150x150.jpeg 150w, https:\/\/www.umbellina.com\/wp-content\/uploads\/2022\/10\/image1-scaled-e1665245895803-768x768.jpeg 768w, https:\/\/www.umbellina.com\/wp-content\/uploads\/2022\/10\/image1-scaled-e1665245895803-1536x1536.jpeg 1536w, https:\/\/www.umbellina.com\/wp-content\/uploads\/2022\/10\/image1-scaled-e1665245895803.jpeg 1708w\" sizes=\"auto, (max-width: 1024px) 100vw, 1024px\" \/><\/a><\/div>\n<div class=\"col-6 center\"><a href=\"https:\/\/www.umbellina.com\/wp-content\/uploads\/2022\/10\/image5.jpg\"><img loading=\"lazy\" decoding=\"async\" class=\"img-autoscale alignnone wp-image-2373 size-large\" src=\"https:\/\/www.umbellina.com\/wp-content\/uploads\/2022\/10\/image5-1024x1024.jpg\" alt=\"\" width=\"1024\" height=\"1024\" srcset=\"https:\/\/www.umbellina.com\/wp-content\/uploads\/2022\/10\/image5-1024x1024.jpg 1024w, https:\/\/www.umbellina.com\/wp-content\/uploads\/2022\/10\/image5-800x800.jpg 800w, https:\/\/www.umbellina.com\/wp-content\/uploads\/2022\/10\/image5-100x100.jpg 100w, https:\/\/www.umbellina.com\/wp-content\/uploads\/2022\/10\/image5-416x416.jpg 416w, https:\/\/www.umbellina.com\/wp-content\/uploads\/2022\/10\/image5-300x300.jpg 300w, https:\/\/www.umbellina.com\/wp-content\/uploads\/2022\/10\/image5-150x150.jpg 150w, https:\/\/www.umbellina.com\/wp-content\/uploads\/2022\/10\/image5-768x768.jpg 768w, https:\/\/www.umbellina.com\/wp-content\/uploads\/2022\/10\/image5.jpg 1200w\" sizes=\"auto, (max-width: 1024px) 100vw, 1024px\" \/><\/a><\/div>\n<\/div>\n<\/div>\n<p><\/p>","protected":false},"excerpt":{"rendered":"<p>Umbellina est une ligne de Haute-Joaillerie parisienne cr\u00e9\u00e9e par Catherine von Specht. Toutes les pi\u00e8ces sont fabriqu\u00e9es \u00e0 la main et avec beaucoup d&rsquo;amour dans un atelier r\u00e9put\u00e9 du Marais. Nous utilisons uniquement de l&rsquo;or 18 carats et des diamants blancs provenant de membres certifi\u00e9s du Responsible Jewellery Council. Le r\u00e9sultat ? Des bijoux fins [&hellip;]<\/p>\n","protected":false},"author":1,"featured_media":0,"parent":0,"menu_order":12,"comment_status":"open","ping_status":"open","template":"umbellina-home.php","meta":{"footnotes":""},"class_list":["post-29","page","type-page","status-publish","hentry"],"_links":{"self":[{"href":"https:\/\/www.umbellina.com\/fr\/wp-json\/wp\/v2\/pages\/29","targetHints":{"allow":["GET"]}}],"collection":[{"href":"https:\/\/www.umbellina.com\/fr\/wp-json\/wp\/v2\/pages"}],"about":[{"href":"https:\/\/www.umbellina.com\/fr\/wp-json\/wp\/v2\/types\/page"}],"author":[{"embeddable":true,"href":"https:\/\/www.umbellina.com\/fr\/wp-json\/wp\/v2\/users\/1"}],"replies":[{"embeddable":true,"href":"https:\/\/www.umbellina.com\/fr\/wp-json\/wp\/v2\/comments?post=29"}],"version-history":[{"count":24,"href":"https:\/\/www.umbellina.com\/fr\/wp-json\/wp\/v2\/pages\/29\/revisions"}],"predecessor-version":[{"id":2401,"href":"https:\/\/www.umbellina.com\/fr\/wp-json\/wp\/v2\/pages\/29\/revisions\/2401"}],"wp:attachment":[{"href":"https:\/\/www.umbellina.com\/fr\/wp-json\/wp\/v2\/media?parent=29"}],"curies":[{"name":"wp","href":"https:\/\/api.w.org\/{rel}","templated":true}]}}