{"id":818,"date":"2016-09-27T21:20:43","date_gmt":"2016-09-27T19:20:43","guid":{"rendered":"https:\/\/www.umbellina.com\/?page_id=818"},"modified":"2025-10-16T19:53:48","modified_gmt":"2025-10-16T17:53:48","slug":"armband-mit-3-plaettchen","status":"publish","type":"product","link":"https:\/\/www.umbellina.com\/en\/product\/armband-mit-3-plaettchen\/","title":{"rendered":"&#8221;Tropical&#8221; bracelet"},"content":{"rendered":"<p>Lenght: 17cm<br \/>\nDiscs: 1cm diameter<br \/>\nLaser engraving<br \/>\n2,30g<\/p>","protected":false},"excerpt":{"rendered":"<p>Lenght: 17cm Discs: 1cm diameter Laser engraving 2,30g<\/p>\n","protected":false},"featured_media":823,"template":"","meta":[],"product_brand":[],"product_cat":[23],"product_tag":[],"class_list":{"0":"post-818","1":"product","2":"type-product","3":"status-publish","4":"has-post-thumbnail","6":"product_cat-bracelets","8":"first","9":"instock","10":"taxable","11":"shipping-taxable","12":"purchasable","13":"product-type-simple"},"exclude_global_add_ons":false,"addons":[{"name":"[:en]Laser engraving[:de]Lasergravur[:fr]Gravure laser[:]","type":"custom_text","position":0,"required":false,"title_format":"label","default":"","description_enable":true,"description":"[:en]Please contact us at info@umbellina.com if you need a special engraving[:de]Schicken uns eine Nachricht an info@umbellina.com, falls Sie eine besondere Gravur haben m\u00f6chten[:fr]Envoyez-nous un mail \u00e0 info@umbellina.com si vous voulez une gravure particuli\u00e8re[:]","placeholder_enable":false,"placeholder":"","display":"select","restrictions_type":"any_text","adjust_price":false,"price":"","price_type":"flat_fee","restrictions":true,"min":"0","max":"14","options":[],"id":1735120855},{"name":"[:en]Laser engraving on back[:de]Lasergravur auf der R\u00fcckseite[:fr]Gravure laser au dos[:]","type":"custom_text","position":1,"required":false,"title_format":"label","default":"","description_enable":false,"description":"","placeholder_enable":false,"placeholder":"","display":"select","restrictions_type":"any_text","adjust_price":true,"price":"30","price_type":"flat_fee","restrictions":true,"min":"0","max":"14","options":[],"id":1735120856}],"_links":{"self":[{"href":"https:\/\/www.umbellina.com\/en\/wp-json\/wp\/v2\/product\/818","targetHints":{"allow":["GET"]}}],"collection":[{"href":"https:\/\/www.umbellina.com\/en\/wp-json\/wp\/v2\/product"}],"about":[{"href":"https:\/\/www.umbellina.com\/en\/wp-json\/wp\/v2\/types\/product"}],"wp:featuredmedia":[{"embeddable":true,"href":"https:\/\/www.umbellina.com\/en\/wp-json\/wp\/v2\/media\/823"}],"wp:attachment":[{"href":"https:\/\/www.umbellina.com\/en\/wp-json\/wp\/v2\/media?parent=818"}],"wp:term":[{"taxonomy":"product_brand","embeddable":true,"href":"https:\/\/www.umbellina.com\/en\/wp-json\/wp\/v2\/product_brand?post=818"},{"taxonomy":"product_cat","embeddable":true,"href":"https:\/\/www.umbellina.com\/en\/wp-json\/wp\/v2\/product_cat?post=818"},{"taxonomy":"product_tag","embeddable":true,"href":"https:\/\/www.umbellina.com\/en\/wp-json\/wp\/v2\/product_tag?post=818"}],"curies":[{"name":"wp","href":"https:\/\/api.w.org\/{rel}","templated":true}]}}