{"id":36,"date":"2014-02-25T13:55:54","date_gmt":"2014-02-25T11:55:54","guid":{"rendered":"https:\/\/www.umbellina.com\/?page_id=15"},"modified":"2022-12-15T11:03:23","modified_gmt":"2022-12-15T09:03:23","slug":"purchase","status":"publish","type":"page","link":"https:\/\/www.umbellina.com\/de\/purchase\/","title":{"rendered":"Stores"},"content":{"rendered":"<p><\/p>\n<h2 style=\"text-align: center;\"><\/h2>\n<h2 style=\"text-align: center;\">Direkt Verkauf<\/h2>\n<p>Falls Sie sich f\u00fcr unsere Kollektion interessieren, erreichen Sie uns per E-Mail unter <a href=\"mailto:info@umbellina.com\">info@umbellina.com<\/a>. Bitte beachten Sie, dass unsere Schmuckst\u00fccke auf Bestellung handgefertigt werden und k\u00f6nnen daher erst bis 4 Wochen nach Zahlungseingang versandfertig sein. Preise sind inkl. 19% MwSt. und zzgl. Versandkosten. Die Versandkosten in Europa betragen 25\u20ac inkl. Umsatzsteuer f\u00fcr Bestellungen mit einem Warenwert unter 750 Euros. Bei Bestellungen mit einem Warenwert von 750 Euros oder mehr ist der Versand kostenfrei. Die Versandkosten f\u00fcr die USA betragen 90 Euros. Bitte kontaktieren Sie uns f\u00fcr andere L\u00e4nder.<\/p>\n<p>&nbsp;<\/p>\n<h2 style=\"text-align: center;\">Stores<\/h2>\n<p style=\"text-align: center;\">The Carlyle<br \/>\n35 East 76th Street<br \/>\nNew York City, NY 10021<\/p>\n<p style=\"text-align: center;\">The Biltmore<br \/>\n1200 Anastasia Avenue<br \/>\nCoral Gables\/ Miami<br \/>\n33134 Florida<\/p>\n<p style=\"text-align: center;\">Canyon Ranch<br \/>\n8600 E. Rockcliff Road<br \/>\nTucson, Arizona 85750<\/p>\n<p style=\"text-align: center;\">Ouimillie<br \/>\n133-135 Charles Street<br \/>\nBoston, Massachusetts 02114<\/p>\n<p style=\"text-align: center;\">Tess<br \/>\nBrattel Street<br \/>\nCambridge, Massachusetts 02138<\/p>\n<p style=\"text-align: center;\">The Seagate Hotel &amp; Spa<br \/>\n1000E. Atlantic Avenue<br \/>\nDelray Beach, Florida 33483<\/p>\n<p style=\"text-align: center;\">Daniela Corte<br \/>\n15 Marlborough Street<br \/>\nBoston, Massachusetts 02116<\/p>\n<p>&nbsp;<\/p>","protected":false},"excerpt":{"rendered":"<p>Direkt Verkauf Falls Sie sich f\u00fcr unsere Kollektion interessieren, erreichen Sie uns per E-Mail unter info@umbellina.com. Bitte beachten Sie, dass unsere Schmuckst\u00fccke auf Bestellung handgefertigt werden und k\u00f6nnen daher erst bis 4 Wochen nach Zahlungseingang versandfertig sein. Preise sind inkl. 19% MwSt. und zzgl. Versandkosten. Die Versandkosten in Europa betragen 25\u20ac inkl. Umsatzsteuer f\u00fcr Bestellungen [&hellip;]<\/p>\n","protected":false},"author":1,"featured_media":0,"parent":0,"menu_order":26,"comment_status":"closed","ping_status":"closed","template":"","meta":{"footnotes":""},"class_list":["post-36","page","type-page","status-publish","hentry"],"_links":{"self":[{"href":"https:\/\/www.umbellina.com\/de\/wp-json\/wp\/v2\/pages\/36","targetHints":{"allow":["GET"]}}],"collection":[{"href":"https:\/\/www.umbellina.com\/de\/wp-json\/wp\/v2\/pages"}],"about":[{"href":"https:\/\/www.umbellina.com\/de\/wp-json\/wp\/v2\/types\/page"}],"author":[{"embeddable":true,"href":"https:\/\/www.umbellina.com\/de\/wp-json\/wp\/v2\/users\/1"}],"replies":[{"embeddable":true,"href":"https:\/\/www.umbellina.com\/de\/wp-json\/wp\/v2\/comments?post=36"}],"version-history":[{"count":54,"href":"https:\/\/www.umbellina.com\/de\/wp-json\/wp\/v2\/pages\/36\/revisions"}],"predecessor-version":[{"id":2519,"href":"https:\/\/www.umbellina.com\/de\/wp-json\/wp\/v2\/pages\/36\/revisions\/2519"}],"wp:attachment":[{"href":"https:\/\/www.umbellina.com\/de\/wp-json\/wp\/v2\/media?parent=36"}],"curies":[{"name":"wp","href":"https:\/\/api.w.org\/{rel}","templated":true}]}}