{"id":35,"date":"2014-02-25T13:55:34","date_gmt":"2014-02-25T11:55:34","guid":{"rendered":"https:\/\/www.umbellina.com\/?page_id=13"},"modified":"2017-05-09T21:22:31","modified_gmt":"2017-05-09T19:22:31","slug":"about","status":"publish","type":"page","link":"https:\/\/www.umbellina.com\/de\/about\/","title":{"rendered":"\u00dcber uns"},"content":{"rendered":"<p><\/p>\n<h2 style=\"text-align: center;\">Wie das Leben so spielt &#8211; oder die Magie einer Begegnung<\/h2>\n<p>Catherine<br \/>\nAufgewachsen in Frankreich, studiert sie Biochemie. Anschlie\u00dfend lebt sie mit ihrem deutschen Mann in England &#8211; vor allem aber viele Jahre in Deutschland.<br \/>\nInzwischen dreisprachig arbeitet sie u.a. als \u00dcbersetzerin wissenschaftlicher Texte. Ihre gro\u00dfe Passion f\u00fcr Schmuckdesign und Goldschmiedearbeiten entdeckt sie in einem kleinen Atelier in Hamburg. \u00dcber mehrere Jahre lernt sie das Metier und entwickelt sich weiter. Ihre ersten Kreationen sind ausschlie\u00dflich f\u00fcr Familie und Freunde bestimmt, dann beginnt sie in Deutschland und Los Angeles ihre Arbeiten zu verkaufen. Nach 18 Jahren im Ausland kehrt sie nach Paris zur\u00fcck&#8230;<\/p>\n<p>Jo\u00eblle<br \/>\nAufgewachsen im Windschatten eines durch die ganze Welt entsandten Vaters im diplomatischen Dienst und mit brasilianischen Wurzeln seitens der Mutter, lernt Jo\u00eblle fr\u00fch ein eher unstetes Nomaden-Leben kennen. Sie kommt zur\u00fcck nach Paris, studiert Kunstgeschichte und Edelsteinkunde und beginnt ihre Karriere bei Cartier. Dort bleibt sie mehrere Jahre, bevor sie schlie\u00dflich die k\u00fcnstlerische Leitung im Hause des weltbekannten Pariser Juweliers Chaumet \u00fcbertragen bekommt. Neun Jahre pr\u00e4gt sie dort die Schmuck-Kreationen, bevor sie sich als freie Schmuckdesignerin f\u00fcr unterschiedliche Juweliere selbst\u00e4ndig macht&#8230;<\/p>\n<p>Eines Tages \u00fcberlegt sich eine gemeinsame Freundin, die beiden miteinander bekannt zu machen. Daraus wird der Anfang einer wundervollen Begegnung. Mit \u201aUmbellina\u2019 realisieren sie gemeinsam den Traum einer ethnisch beeinflussten Schmucklinie, die die einzigartige Lebensphilosophie der nord-amerikanischen Indianer widerspiegeln soll. Deren tiefe Weisheit und ihre unzerbrechliche W\u00fcrde, zu oft vergessen genauso wie die Bef\u00e4higung sich auf das Wesentliche zu besinnen &#8211; und der Glaube daran, dass alle Dinge eine Seele in sich tragen. F\u00fcr die Indianer liegt alles in der Harmonie eines Kreises \u2013 die runde Sonne und die runde Erde, genauso wie der abgerundete Rhythmus der Jahreszeiten, das formvollendete Nest der V\u00f6gel und letztlich der Zyklus des eigenen Lebens, der sich irgendwann wie ein Kreis vollendet. Sie sind inspiriert und beeinflusst durch reine, klare Linien und Gegens\u00e4tze, die sie auch auf ihren Schmuck \u00fcbertragen. Die Sonne und die Erde, Yin und Yang, Sie und Er. Hochwertiger Schmuck wird so zu einem besonderen, einem sinnlichen Symbol, der Projektionsfl\u00e4che pers\u00f6nlicher Botschaften. Und damit letztlich dann zu einer bestimmten Form von Gl\u00fcck.<\/p>","protected":false},"excerpt":{"rendered":"<p>Wie das Leben so spielt &#8211; oder die Magie einer Begegnung Catherine Aufgewachsen in Frankreich, studiert sie Biochemie. Anschlie\u00dfend lebt sie mit ihrem deutschen Mann in England &#8211; vor allem aber viele Jahre in Deutschland. Inzwischen dreisprachig arbeitet sie u.a. als \u00dcbersetzerin wissenschaftlicher Texte. Ihre gro\u00dfe Passion f\u00fcr Schmuckdesign und Goldschmiedearbeiten entdeckt sie in einem [&hellip;]<\/p>\n","protected":false},"author":1,"featured_media":0,"parent":0,"menu_order":23,"comment_status":"open","ping_status":"open","template":"umbellina-about.php","meta":{"footnotes":""},"class_list":["post-35","page","type-page","status-publish","hentry"],"_links":{"self":[{"href":"https:\/\/www.umbellina.com\/de\/wp-json\/wp\/v2\/pages\/35","targetHints":{"allow":["GET"]}}],"collection":[{"href":"https:\/\/www.umbellina.com\/de\/wp-json\/wp\/v2\/pages"}],"about":[{"href":"https:\/\/www.umbellina.com\/de\/wp-json\/wp\/v2\/types\/page"}],"author":[{"embeddable":true,"href":"https:\/\/www.umbellina.com\/de\/wp-json\/wp\/v2\/users\/1"}],"replies":[{"embeddable":true,"href":"https:\/\/www.umbellina.com\/de\/wp-json\/wp\/v2\/comments?post=35"}],"version-history":[{"count":6,"href":"https:\/\/www.umbellina.com\/de\/wp-json\/wp\/v2\/pages\/35\/revisions"}],"predecessor-version":[{"id":1089,"href":"https:\/\/www.umbellina.com\/de\/wp-json\/wp\/v2\/pages\/35\/revisions\/1089"}],"wp:attachment":[{"href":"https:\/\/www.umbellina.com\/de\/wp-json\/wp\/v2\/media?parent=35"}],"curies":[{"name":"wp","href":"https:\/\/api.w.org\/{rel}","templated":true}]}}