{"id":2440,"date":"2022-11-06T19:38:56","date_gmt":"2022-11-06T17:38:56","guid":{"rendered":"https:\/\/www.umbellina.com\/terms_and_conditions\/"},"modified":"2022-12-13T18:21:11","modified_gmt":"2022-12-13T16:21:11","slug":"terms_and_conditions","status":"publish","type":"page","link":"https:\/\/www.umbellina.com\/de\/terms_and_conditions\/","title":{"rendered":"Allgemeine Gesch\u00e4ftsbedingungen mit Kundeninformationen"},"content":{"rendered":"<p><\/p>\n<div class=\"page\">\n<div class=\"page\">\n<h1 class=\"no-margin-top\">Allgemeine Gesch\u00e4ftsbedingungen<\/h1>\n<h3>\u00a7 1 \u2013 Anbieter, Einbeziehung der AGB<\/h3>\n<p><strong>(1) <\/strong>Anbieter und Vertragspartner f\u00fcr die in unserem Online-Shop \u201ewww.umbellina.com\u201c dargestellten Waren ist Umbellina &#8211; Catherine von Specht, Untermainkai 31, 60329 Frankfurt am Main, Telefon +49 1752715264, E-Mail cavonspecht@gmail.com (im Folgenden kurz \u201eAnbieter\u201c oder \u201ewir\u201c).<\/p>\n<p><strong>(2) <\/strong>Diese allgemeinen Gesch\u00e4ftsbedingungen sind Bestandteil jeder vertraglichen Vereinbarung zwischen dem Anbieter und dem jeweiligen Kunden. Entgegenstehenden AGB des Kunden wird widersprochen.<\/p>\n<h3>\u00a7 2 \u2013 Warenangebot und Vertragsschluss<\/h3>\n<p><strong>(1) <\/strong>Der Anbieter bietet die in diesem Online-Shop dargestellten Waren zum Kauf an. Die farbliche Darstellung der Waren auf der Internetseite kann je nach verwendetem Internetbrowser und Monitoreinstellungen des Kunden geringf\u00fcgig variieren; diese Abweichungen sind technisch nie ganz vermeidbar. Warenauswahl, Vertragsschluss und Vertragsabwicklung erfolgen nach Wahl des Kunden in deutscher oder englischer Sprache.<\/p>\n<p><strong>(2) <\/strong>F\u00fcr die im Shop dargestellten Waren gibt der Anbieter ein verbindliches Kaufangebot ab. Mit der Absendung des Bestellwunsches \u00fcber den Button \u201ezahlungspflichtig bestellen\u201c nimmt der Kunde das Kaufangebot an. Der Anbieter best\u00e4tigt den Vertragsschluss per E-Mail (Vertragsbest\u00e4tigung).<\/p>\n<p><strong>(3) <\/strong>Vor Annahme des Kaufangebots wird dem Kunden eine \u00dcbersicht der f\u00fcr seine Bestellung erfassten Daten einschlie\u00dflich der wesentlichen Merkmale der Waren angezeigt. Der Kunde hat an dieser Stelle Gelegenheit, die Daten auf m\u00f6gliche Eingabefehler zu pr\u00fcfen und, wenn n\u00f6tig, einen oder mehrere Schritte im Bestellablauf zur\u00fcckzugehen, um die Daten zu \u00e4ndern oder die Bestellung insgesamt abzubrechen.<\/p>\n<p><strong>(4) <\/strong>Der Anbieter \u00fcbersendet dem Kunden nach Vertragsschluss den Inhalt des abgeschlossenen Vertrags (Vertragstext) per E-Mail. Gleichzeitig speichert der Anbieter den Vertragstext in seiner elektronischen Datenverarbeitung.Da der Kunde hierzu keinen Zugang hat, obliegt es dem Kunden, die E-Mail mit dem Vertragstext im eigenen Interesse aufzubewahren.<\/p>\n<h3>\u00a7 3 \u2013 Preise und Bezahlung<\/h3>\n<p><strong>(1) <\/strong>Alle Warenpreise verstehen sich als Gesamtpreise zzgl. Versandkosten. Die Entgelte enthalten die gesetzliche Umsatzsteuer.<\/p>\n<p><strong>(2) <\/strong>Informationen zu den Versandkosten sind der jeweiligen Warenbeschreibung zu entnehmen.<\/p>\n<p><strong>(3) <\/strong>Zur Bezahlung seines Einkaufs kann der Kunde folgende Zahlungsmethoden nutzen: PayPal, WooCommerce Payments (Stripe).<\/p>\n<p><strong>(4) <\/strong>F\u00fcr Vorkasse-Bestellungen gilt eine Zahlungsfrist von einer Woche ab Zugang der Vertragsbest\u00e4tigung. Der Anbieter legt die gew\u00fcnschte Ware w\u00e4hrend der Dauer der Zahlungsfrist f\u00fcr den Kunden zur\u00fcck. Der Anbieter beh\u00e4lt sich das Recht vor, vom Vertrag zur\u00fcckzutreten und die Ware anderweitig zu verkaufen, wenn die Zahlung nicht fristgerecht bewirkt worden ist.<\/p>\n<p><strong>(5) <\/strong>Bei Lieferungen in L\u00e4nder au\u00dferhalb der Europ\u00e4ischen Union k\u00f6nnen Zoll und Einfuhrumsatzsteuer anfallen, die vom Kunden beim Empfang der Sendung an die Zollbeh\u00f6rde zu entrichten sind. Diese Abgaben fallen zus\u00e4tzlich zum Kaufpreis und den Versandkosten an und sind vom Anbieter nicht zu beeinflussen.<\/p>\n<h3>\u00a7 4 \u2013 Versand und Lieferzeit<\/h3>\n<p><strong>(1) <\/strong>Angaben zur Lieferzeit finden sich bei der jeweiligen Warenbeschreibung. Eine Angabe in Tagen bezieht sich auf die Zeitspanne von der Zahlung durch den Kunden bis zur Zustellung der Lieferung.<\/p>\n<p><strong>(2) <\/strong>Mehrere gleichzeitig bestellte Waren werden in einer gemeinsamen Sendung geliefert; es gilt f\u00fcr die gemeinsame Sendung die Lieferzeit der Ware mit der l\u00e4ngsten Lieferzeit. W\u00fcnscht der Kunde die Lieferung einer bestimmten Ware mit k\u00fcrzerer Lieferzeit vorab, muss er diese Ware separat bestellen.<\/p>\n<p><strong>(3) <\/strong>Wenn eine Lieferung fehlschl\u00e4gt, weil der Kunde die Lieferadresse falsch oder unvollst\u00e4ndig angegeben hat, erfolgt ein erneuter Zustellversuch nur, wenn der Kunde die unmittelbaren Kosten des erneuten Versands \u00fcbernimmt. Diese Kosten entsprechen den bei Vertragsschluss vereinbarten Versandkosten.<\/p>\n<h3>\u00a7 5 \u2013 Verbraucher-Widerrufsrecht<\/h3>\n<p><strong>(1) <\/strong>Einem Kunden, der als Verbraucher kauft, steht ein Widerrufsrecht gem\u00e4\u00df den gesetzlichen Bedingungen zu. Verbraucher ist jede nat\u00fcrliche Person, die ein Rechtsgesch\u00e4ft zu Zwecken abschlie\u00dft, die \u00fcberwiegend weder ihrer gewerblichen noch ihrer selbst\u00e4ndigen beruflichen T\u00e4tigkeit zugerechnet werden k\u00f6nnen.<\/p>\n<p><strong>(2) <\/strong>Einem Verbraucher mit st\u00e4ndigem Aufenthalt au\u00dferhalb Deutschlands r\u00e4umt der Anbieter ein Verbraucher-Widerrufsrecht gem\u00e4\u00df den deutschen Voraussetzungen und Rechtsfolgen auch dann ein, wenn das nationale Recht des Verbrauchers kein Widerrufsrecht vorsieht oder den Widerruf an eine k\u00fcrzere Frist oder an eine strengere Form kn\u00fcpft als nach deutschem Recht.<\/p>\n<h3>\u00a7 6 \u2013 Gew\u00e4hrleistung (M\u00e4ngelhaftung)<\/h3>\n<p>Es bestehen Gew\u00e4hrleistungsanspr\u00fcche des Bestellers (auch M\u00e4ngelhaftungsrechte genannt) gem\u00e4\u00df den gesetzlichen Vorschriften.<\/p>\n<h3>\u00a7 7 \u2013 Vorlagen des Kunden, Rechtegarantie<\/h3>\n<p><strong>(1) <\/strong>Ein Kunde, der dem Anbieter zur Herstellung einer Ware Vorlagen zur Verf\u00fcgung stellt (z.B. Logos, Fotos, Zeichnungen oder Text), garantiert dem Anbieter, \u00fcber alle f\u00fcr die Vertragsdurchf\u00fchrung erforderlichen Rechte an den Vorlagen zu verf\u00fcgen, und r\u00e4umt diese dem Anbieter f\u00fcr die Erf\u00fcllung seiner vertraglichen Leistung ein.<\/p>\n<p><strong>(2) <\/strong>Der Kunde stellt den Anbieter von allen Anspr\u00fcchen frei, die ein Dritter gegen den Anbieter geltend macht wegen der Verletzung von Urheber- oder Pers\u00f6nlichkeitsrechten, Marken-, Design- oder sonstigen gewerblichen Schutzrechen. Der Freistellungsanspruch umfasst auch etwaig erforderliche Kosten des Anbieters f\u00fcr die Anspruchspr\u00fcfung und Rechtsverteidigung.<\/p>\n<h3>\u00a7 8 \u2013 Au\u00dfergerichtliche Streitbeilegung<\/h3>\n<p><strong>(1) <\/strong>Zur au\u00dfergerichtlichen Beilegung von verbraucherrechtlichen Streitigkeiten stellt die Europ\u00e4ische Union eine Online-Plattform (\u201eOS-Plattform\u201d) zur Verf\u00fcgung unter der Adresse https:\/\/ec.europa.eu\/consumers\/odr.<\/p>\n<p><strong>(2) <\/strong>Wir sind weder verpflichtet noch bereit, an einem Streitbeilegungsverfahren vor einer Verbraucherschlichtungsstelle teilzunehmen.<\/p>\n<h3>\u00a7 9 \u2013 Schlussbestimmungen<\/h3>\n<p><strong>(1) <\/strong>Es gilt das Recht der Bundesrepublik Deutschland unter Ausschluss des UN-Kaufrechts. Gegen\u00fcber Verbrauchern mit st\u00e4ndigem Aufenthalt im Ausland findet das deutsche Recht jedoch keine Anwendung, soweit das nationale Recht des Verbrauchers Regelungen enth\u00e4lt, von denen zu Lasten des Verbrauchers nicht durch Vertrag abgewichen werden kann.<\/p>\n<p><strong>(2) <\/strong>Sollten sich einzelne Bestimmungen dieser allgemeinen Gesch\u00e4ftsbedingungen als unwirksam oder undurchf\u00fchrbar erweisen, so ber\u00fchrt dies nicht die Wirksamkeit der \u00fcbrigen Bestimmungen.<\/p>\n<\/div>\n<\/div>\n<p><\/p>","protected":false},"excerpt":{"rendered":"<p>Allgemeine Gesch\u00e4ftsbedingungen \u00a7 1 \u2013 Anbieter, Einbeziehung der AGB (1) Anbieter und Vertragspartner f\u00fcr die in unserem Online-Shop \u201ewww.umbellina.com\u201c dargestellten Waren ist Umbellina &#8211; Catherine von Specht, Untermainkai 31, 60329 Frankfurt am Main, Telefon +49 1752715264, E-Mail cavonspecht@gmail.com (im Folgenden kurz \u201eAnbieter\u201c oder \u201ewir\u201c). (2) Diese allgemeinen Gesch\u00e4ftsbedingungen sind Bestandteil jeder vertraglichen Vereinbarung zwischen dem [&hellip;]<\/p>\n","protected":false},"author":1,"featured_media":0,"parent":0,"menu_order":0,"comment_status":"closed","ping_status":"closed","template":"","meta":{"footnotes":""},"class_list":["post-2440","page","type-page","status-publish","hentry"],"_links":{"self":[{"href":"https:\/\/www.umbellina.com\/de\/wp-json\/wp\/v2\/pages\/2440","targetHints":{"allow":["GET"]}}],"collection":[{"href":"https:\/\/www.umbellina.com\/de\/wp-json\/wp\/v2\/pages"}],"about":[{"href":"https:\/\/www.umbellina.com\/de\/wp-json\/wp\/v2\/types\/page"}],"author":[{"embeddable":true,"href":"https:\/\/www.umbellina.com\/de\/wp-json\/wp\/v2\/users\/1"}],"replies":[{"embeddable":true,"href":"https:\/\/www.umbellina.com\/de\/wp-json\/wp\/v2\/comments?post=2440"}],"version-history":[{"count":4,"href":"https:\/\/www.umbellina.com\/de\/wp-json\/wp\/v2\/pages\/2440\/revisions"}],"predecessor-version":[{"id":2510,"href":"https:\/\/www.umbellina.com\/de\/wp-json\/wp\/v2\/pages\/2440\/revisions\/2510"}],"wp:attachment":[{"href":"https:\/\/www.umbellina.com\/de\/wp-json\/wp\/v2\/media?parent=2440"}],"curies":[{"name":"wp","href":"https:\/\/api.w.org\/{rel}","templated":true}]}}