{"id":2438,"date":"2022-11-06T19:38:56","date_gmt":"2022-11-06T17:38:56","guid":{"rendered":"https:\/\/www.umbellina.com\/payment_methods\/"},"modified":"2022-12-13T18:35:52","modified_gmt":"2022-12-13T16:35:52","slug":"payment_methods","status":"publish","type":"page","link":"https:\/\/www.umbellina.com\/de\/payment_methods\/","title":{"rendered":"Zahlungsarten"},"content":{"rendered":"<p><\/p>\n<h2>Zahlungsarten<\/h2>\n<p>Wir bieten Ihnen folgende Zahlungsarten an. Suchen Sie sich einfach die f\u00fcr Sie optimale Zahlart aus. Die Versandkosten sind teilweise abh\u00e4ngig von der gew\u00e4hlten Zahlungsart. Die in den jeweiligen Angeboten angef\u00fchrten Preise stellen Endpreise dar. Sie beinhalten alle Preisbestandteile einschlie\u00dflich etwaig anfallender Steuern wie Mehrwertsteuer. Nur bei grenz\u00fcberschreitender Lieferung k\u00f6nnen im Einzelfall weitere Steuern (z.B. im Falle eines innergemeinschaftlichen Erwerbs) und\/oder Abgaben (z.B. Z\u00f6lle) von Ihnen zu zahlen sein, jedoch nicht an den Verk\u00e4ufer, sondern an die dort zust\u00e4ndigen Zoll- bzw. Steuerbeh\u00f6rden. Die anfallenden Liefer- und Versandkosten sind nicht im Kaufpreis enthalten, sie sind \u00fcber die Seite \u201eVersandkosten\u201c aufrufbar, werden im Laufe des Bestellvorganges gesondert ausgewiesen und sind von Ihnen zus\u00e4tzlich zu tragen.<\/p>\n<p><em>PayPal<\/em><\/p>\n<p>Noch schneller und sicherer bezahlen mit ihrem PayPal-Konto.<\/p>\n<p><em>Kreditkarte<\/em><\/p>\n<p>Zahlen Sie ganz einfach per Kreditkarte.<\/p>\n<p><em>Vorkasse<\/em><\/p>\n<p>Bitte \u00fcberweisen Sie den Gesamtbetrag Ihrer Bestellung auf unser Konto:<\/p>\n<p>Kontoinhaber: Umbellina &#8211; Catherine von Specht<br \/>\nKreditinstitut: Commerzbank Frankfurt<br \/>\nIBAN: DE63 50004 0000 0335 2994 00<br \/>\nBIC: COBADEFFXXX<\/p>\n<p>&nbsp;<\/p>\n<p>Umbellina &#8211; Catherine von Specht<br \/>\nUntermainkai 31<br \/>\n60329 Frankfurt am Main<br \/>\nE-Mail: info@umbellina.com<\/p>","protected":false},"excerpt":{"rendered":"<p>Zahlungsarten Wir bieten Ihnen folgende Zahlungsarten an. Suchen Sie sich einfach die f\u00fcr Sie optimale Zahlart aus. Die Versandkosten sind teilweise abh\u00e4ngig von der gew\u00e4hlten Zahlungsart. Die in den jeweiligen Angeboten angef\u00fchrten Preise stellen Endpreise dar. Sie beinhalten alle Preisbestandteile einschlie\u00dflich etwaig anfallender Steuern wie Mehrwertsteuer. Nur bei grenz\u00fcberschreitender Lieferung k\u00f6nnen im Einzelfall weitere Steuern [&hellip;]<\/p>\n","protected":false},"author":1,"featured_media":0,"parent":0,"menu_order":0,"comment_status":"closed","ping_status":"closed","template":"","meta":{"footnotes":""},"class_list":["post-2438","page","type-page","status-publish","hentry"],"_links":{"self":[{"href":"https:\/\/www.umbellina.com\/de\/wp-json\/wp\/v2\/pages\/2438","targetHints":{"allow":["GET"]}}],"collection":[{"href":"https:\/\/www.umbellina.com\/de\/wp-json\/wp\/v2\/pages"}],"about":[{"href":"https:\/\/www.umbellina.com\/de\/wp-json\/wp\/v2\/types\/page"}],"author":[{"embeddable":true,"href":"https:\/\/www.umbellina.com\/de\/wp-json\/wp\/v2\/users\/1"}],"replies":[{"embeddable":true,"href":"https:\/\/www.umbellina.com\/de\/wp-json\/wp\/v2\/comments?post=2438"}],"version-history":[{"count":3,"href":"https:\/\/www.umbellina.com\/de\/wp-json\/wp\/v2\/pages\/2438\/revisions"}],"predecessor-version":[{"id":2513,"href":"https:\/\/www.umbellina.com\/de\/wp-json\/wp\/v2\/pages\/2438\/revisions\/2513"}],"wp:attachment":[{"href":"https:\/\/www.umbellina.com\/de\/wp-json\/wp\/v2\/media?parent=2438"}],"curies":[{"name":"wp","href":"https:\/\/api.w.org\/{rel}","templated":true}]}}