{"id":2434,"date":"2022-11-06T19:38:56","date_gmt":"2022-11-06T17:38:56","guid":{"rendered":"https:\/\/www.umbellina.com\/shipping__delivery\/"},"modified":"2022-12-13T19:22:05","modified_gmt":"2022-12-13T17:22:05","slug":"shipping__delivery","status":"publish","type":"page","link":"https:\/\/www.umbellina.com\/de\/shipping__delivery\/","title":{"rendered":"Preise, Versandkosten und Lieferinformationen"},"content":{"rendered":"<p><strong>Preise, Versandkosten und Lieferinformationen<\/strong><\/p>\n<p>Die auf den Produktseiten genannten Preise enthalten die gesetzliche Mehrwertsteuer und sonstige Preisbestandteile.<\/p>\n<p>Wir liefern nach Frankreich, Europa und in die USA.<\/p>\n<p>Zus\u00e4tzlich zu den angegebenen Preisen berechnen wir f\u00fcr die Lieferung nach Frankreich\u00a0 pauschal 15,00 Euro pro Bestellung. Ab einem Bestellwert von 750,00 Euro ist die Lieferung kostenlos.<\/p>\n<p>Zus\u00e4tzlich zu den angegebenen Preisen berechnen wir f\u00fcr die Lieferung innerhalb Europas (au\u00dfer Frankreich)\u00a0 pauschal 25,00 Euro pro Bestellung. Ab einem Bestellwert von 750,00 Euro ist die Lieferung kostenlos.<\/p>\n<p>Zus\u00e4tzlich zu den angegebenen Preisen berechnen wir f\u00fcr die Lieferung in die USA\u00a0 pauschal 90,00 Euro pro Bestellung.<\/p>\n<p>Die Versandkosten werden Ihnen im Warenkorbsystem und auf der Bestellseite nochmals deutlich mitgeteilt.<\/p>\n<p>Die Versandkostenpauschale betr\u00e4gt nach Frankreich 15,00 Euro, in die europ\u00e4ischen Staaten 25,00 Euro und in die USA 90,00 Euro. Die Versandkostenpauschale enth\u00e4lt die gesetzliche Mehrwertsteuer. Da die Mehrwertsteuer auf die Versandkostenpauschale abh\u00e4ngig von den erworbenen Waren berechnet wird, kann sie sich mindern, wenn Waren zu niedrigeren Umsatzsteuers\u00e4tzen erworben werden (z.B. bei Erwerb von B\u00fcchern). Das bedeutet, dass die Versandkostenpauschale erst im Rahmen des Bestellprozesses endg\u00fcltig berechnet werden kann. Sie kann dabei jedoch nicht h\u00f6her, sondern nur zu Ihren Gunsten niedriger werden.<\/p>","protected":false},"excerpt":{"rendered":"<p>Preise, Versandkosten und Lieferinformationen Die auf den Produktseiten genannten Preise enthalten die gesetzliche Mehrwertsteuer und sonstige Preisbestandteile. Wir liefern nach Frankreich, Europa und in die USA. Zus\u00e4tzlich zu den angegebenen Preisen berechnen wir f\u00fcr die Lieferung nach Frankreich\u00a0 pauschal 15,00 Euro pro Bestellung. Ab einem Bestellwert von 750,00 Euro ist die Lieferung kostenlos. Zus\u00e4tzlich zu [&hellip;]<\/p>\n","protected":false},"author":1,"featured_media":0,"parent":0,"menu_order":0,"comment_status":"closed","ping_status":"closed","template":"","meta":{"footnotes":""},"class_list":["post-2434","page","type-page","status-publish","hentry"],"_links":{"self":[{"href":"https:\/\/www.umbellina.com\/de\/wp-json\/wp\/v2\/pages\/2434","targetHints":{"allow":["GET"]}}],"collection":[{"href":"https:\/\/www.umbellina.com\/de\/wp-json\/wp\/v2\/pages"}],"about":[{"href":"https:\/\/www.umbellina.com\/de\/wp-json\/wp\/v2\/types\/page"}],"author":[{"embeddable":true,"href":"https:\/\/www.umbellina.com\/de\/wp-json\/wp\/v2\/users\/1"}],"replies":[{"embeddable":true,"href":"https:\/\/www.umbellina.com\/de\/wp-json\/wp\/v2\/comments?post=2434"}],"version-history":[{"count":4,"href":"https:\/\/www.umbellina.com\/de\/wp-json\/wp\/v2\/pages\/2434\/revisions"}],"predecessor-version":[{"id":2516,"href":"https:\/\/www.umbellina.com\/de\/wp-json\/wp\/v2\/pages\/2434\/revisions\/2516"}],"wp:attachment":[{"href":"https:\/\/www.umbellina.com\/de\/wp-json\/wp\/v2\/media?parent=2434"}],"curies":[{"name":"wp","href":"https:\/\/api.w.org\/{rel}","templated":true}]}}