{"id":2385,"date":"2022-10-09T14:48:20","date_gmt":"2022-10-09T12:48:20","guid":{"rendered":"https:\/\/www.umbellina.com\/?page_id=2385"},"modified":"2022-10-09T14:51:04","modified_gmt":"2022-10-09T12:51:04","slug":"custom-made-jewelry","status":"publish","type":"page","link":"https:\/\/www.umbellina.com\/de\/custom-made-jewelry\/","title":{"rendered":"Individuell gefertigter Schmuck"},"content":{"rendered":"<p>Umbellina bietet Ihnen die M\u00f6glichkeit, Schmuckst\u00fccke, die Sie nicht mehr tragen oder geerbt haben, umzuwandeln und ihnen damit ein zweites Leben zu geben. Wir k\u00f6nnen auch gemeinsam einzigartige und ma\u00dfgeschneiderte St\u00fccke f\u00fcr Sie und Ihre Lieben entwerfen.<br \/>\nSie k\u00f6nnen uns gerne \u00fcber das folgende Formular kontaktieren:<\/p>\n<p>\n<div class=\"wpcf7 no-js\" id=\"wpcf7-f215-o2\" lang=\"en-US\" dir=\"ltr\" data-wpcf7-id=\"215\">\n<div class=\"screen-reader-response\"><p role=\"status\" aria-live=\"polite\" aria-atomic=\"true\"><\/p> <ul><\/ul><\/div>\n<form action=\"\/de\/wp-json\/wp\/v2\/pages\/2385#wpcf7-f215-o2\" method=\"post\" class=\"wpcf7-form init\" aria-label=\"Contact form\" novalidate=\"novalidate\" data-status=\"init\">\n<fieldset class=\"hidden-fields-container\"><input type=\"hidden\" name=\"_wpcf7\" value=\"215\" \/><input type=\"hidden\" name=\"_wpcf7_version\" value=\"6.1.5\" \/><input type=\"hidden\" name=\"_wpcf7_locale\" value=\"en_US\" \/><input type=\"hidden\" name=\"_wpcf7_unit_tag\" value=\"wpcf7-f215-o2\" \/><input type=\"hidden\" name=\"_wpcf7_container_post\" value=\"0\" \/><input type=\"hidden\" name=\"_wpcf7_posted_data_hash\" value=\"\" \/>\n<\/fieldset>\n<p>Name (*)\n<\/p>\n<p><span class=\"wpcf7-form-control-wrap\" data-name=\"your-name\"><input size=\"40\" maxlength=\"400\" class=\"wpcf7-form-control wpcf7-text wpcf7-validates-as-required\" aria-required=\"true\" aria-invalid=\"false\" value=\"\" type=\"text\" name=\"your-name\" \/><\/span>\n<\/p>\n<p>Email (*)\n<\/p>\n<p><span class=\"wpcf7-form-control-wrap\" data-name=\"your-email\"><input size=\"40\" maxlength=\"400\" class=\"wpcf7-form-control wpcf7-email wpcf7-validates-as-required wpcf7-text wpcf7-validates-as-email\" aria-required=\"true\" aria-invalid=\"false\" value=\"\" type=\"email\" name=\"your-email\" \/><\/span>\n<\/p>\n<p>Subject\n<\/p>\n<p><span class=\"wpcf7-form-control-wrap\" data-name=\"your-subject\"><input size=\"40\" maxlength=\"400\" class=\"wpcf7-form-control wpcf7-text\" aria-invalid=\"false\" value=\"\" type=\"text\" name=\"your-subject\" \/><\/span>\n<\/p>\n<p>Message (*)\n<\/p>\n<p><span class=\"wpcf7-form-control-wrap\" data-name=\"your-message\"><textarea cols=\"40\" rows=\"10\" maxlength=\"2000\" class=\"wpcf7-form-control wpcf7-textarea wpcf7-validates-as-required\" aria-required=\"true\" aria-invalid=\"false\" name=\"your-message\"><\/textarea><\/span>\n<\/p>\n<p><input class=\"wpcf7-form-control wpcf7-submit has-spinner\" type=\"submit\" value=\"Send\" \/>\n<\/p><div class=\"wpcf7-response-output\" aria-hidden=\"true\"><\/div>\n<\/form>\n<\/div>\n<\/p>","protected":false},"excerpt":{"rendered":"<p>Umbellina bietet Ihnen die M\u00f6glichkeit, Schmuckst\u00fccke, die Sie nicht mehr tragen oder geerbt haben, umzuwandeln und ihnen damit ein zweites Leben zu geben. Wir k\u00f6nnen auch gemeinsam einzigartige und ma\u00dfgeschneiderte St\u00fccke f\u00fcr Sie und Ihre Lieben entwerfen. Sie k\u00f6nnen uns gerne \u00fcber das folgende Formular kontaktieren:<\/p>\n","protected":false},"author":1,"featured_media":0,"parent":0,"menu_order":0,"comment_status":"closed","ping_status":"closed","template":"umbellina-about.php","meta":{"footnotes":""},"class_list":["post-2385","page","type-page","status-publish","hentry"],"_links":{"self":[{"href":"https:\/\/www.umbellina.com\/de\/wp-json\/wp\/v2\/pages\/2385","targetHints":{"allow":["GET"]}}],"collection":[{"href":"https:\/\/www.umbellina.com\/de\/wp-json\/wp\/v2\/pages"}],"about":[{"href":"https:\/\/www.umbellina.com\/de\/wp-json\/wp\/v2\/types\/page"}],"author":[{"embeddable":true,"href":"https:\/\/www.umbellina.com\/de\/wp-json\/wp\/v2\/users\/1"}],"replies":[{"embeddable":true,"href":"https:\/\/www.umbellina.com\/de\/wp-json\/wp\/v2\/comments?post=2385"}],"version-history":[{"count":2,"href":"https:\/\/www.umbellina.com\/de\/wp-json\/wp\/v2\/pages\/2385\/revisions"}],"predecessor-version":[{"id":2387,"href":"https:\/\/www.umbellina.com\/de\/wp-json\/wp\/v2\/pages\/2385\/revisions\/2387"}],"wp:attachment":[{"href":"https:\/\/www.umbellina.com\/de\/wp-json\/wp\/v2\/media?parent=2385"}],"curies":[{"name":"wp","href":"https:\/\/api.w.org\/{rel}","templated":true}]}}